{"id":60,"date":"2026-03-19T04:03:59","date_gmt":"2026-03-19T04:03:59","guid":{"rendered":"https:\/\/bufajans.com.tr\/?page_id=60"},"modified":"2026-03-19T04:03:59","modified_gmt":"2026-03-19T04:03:59","slug":"gizlilik-politikasi","status":"publish","type":"page","link":"https:\/\/bufajans.com.tr\/index.php\/gizlilik-politikasi\/","title":{"rendered":"Gizlilik Politikas\u0131"},"content":{"rendered":"\n<hr class=\"wp-block-separator has-alpha-channel-opacity\"\/>\n\n\n\n<h1 class=\"wp-block-heading\">Gizlilik Politikas\u0131<\/h1>\n\n\n\n<p><strong>Buf Ajans<\/strong> olarak, ziyaret\u00e7ilerimizin gizlili\u011fine b\u00fcy\u00fck \u00f6nem veriyoruz. Bu gizlilik politikas\u0131 belgesi, taraf\u0131m\u0131zca toplanan ve kaydedilen bilgi t\u00fcrlerini ve bunlar\u0131 nas\u0131l kulland\u0131\u011f\u0131m\u0131z\u0131 i\u00e7erir.<\/p>\n\n\n\n<h3 class=\"wp-block-heading\">1. G\u00fcnl\u00fck Dosyalar\u0131 (Log Files)<\/h3>\n\n\n\n<p><strong>Buf Ajans<\/strong>, g\u00fcnl\u00fck dosyalar\u0131n\u0131 kullanma konusunda standart bir prosed\u00fcr izler. Bu dosyalar ziyaret\u00e7iler web sitelerini ziyaret etti\u011finde onlar\u0131 g\u00fcnl\u00fc\u011fe kaydeder. Toplanan bilgiler aras\u0131nda internet protokol\u00fc (IP) adresleri, taray\u0131c\u0131 t\u00fcr\u00fc, \u0130nternet Servis Sa\u011flay\u0131c\u0131s\u0131 (ISP), tarih ve saat damgas\u0131, y\u00f6nlendirme\/\u00e7\u0131k\u0131\u015f sayfalar\u0131 ve olas\u0131 t\u0131klama say\u0131s\u0131 yer al\u0131r. Bunlar ki\u015fisel olarak tan\u0131mlanabilir herhangi bir bilgiyle ba\u011flant\u0131l\u0131 de\u011fildir.<\/p>\n\n\n\n<h3 class=\"wp-block-heading\">2. \u00c7erezler ve Web \u0130\u015faret\u00e7ileri<\/h3>\n\n\n\n<p>Di\u011fer t\u00fcm web siteleri gibi, <strong>Buf Ajans<\/strong> da &#8216;\u00e7erezler&#8217; (cookies) kullan\u0131r. Bu \u00e7erezler, ziyaret\u00e7ilerin tercihlerini ve web sitesinde eri\u015ftikleri veya ziyaret ettikleri sayfalar\u0131 i\u00e7eren bilgileri depolamak i\u00e7in kullan\u0131l\u0131r. Bilgiler, ziyaret\u00e7ilerin taray\u0131c\u0131 t\u00fcr\u00fcne ve\/veya di\u011fer bilgilerine g\u00f6re web sayfas\u0131 i\u00e7eri\u011fimizi \u00f6zelle\u015ftirerek kullan\u0131c\u0131 deneyimini optimize etmek i\u00e7in kullan\u0131l\u0131r.<\/p>\n\n\n\n<h3 class=\"wp-block-heading\">3. Google DoubleClick DART \u00c7erezi<\/h3>\n\n\n\n<p>Google, sitemizdeki \u00fc\u00e7\u00fcnc\u00fc taraf sat\u0131c\u0131lardan biridir. Ayr\u0131ca, sitemizin ziyaret\u00e7ilerine internetteki di\u011fer sitelere yapt\u0131klar\u0131 ziyaretlere dayanarak reklam sunmak i\u00e7in DART \u00e7erezleri olarak bilinen \u00e7erezleri kullan\u0131r. Ziyaret\u00e7iler, \u015fu adresteki Google reklam ve i\u00e7erik a\u011f\u0131 Gizlilik Politikas\u0131n\u0131 ziyaret ederek DART \u00e7erezlerinin kullan\u0131m\u0131n\u0131 reddetmeyi se\u00e7ebilirler: <a target=\"_blank\" rel=\"noreferrer noopener\" href=\"https:\/\/policies.google.com\/technologies\/ads\">https:\/\/policies.google.com\/technologies\/ads<\/a><\/p>\n\n\n\n<h3 class=\"wp-block-heading\">4. Reklam Ortaklar\u0131m\u0131z<\/h3>\n\n\n\n<p>Sitemizdeki reklam verenlerden baz\u0131lar\u0131 \u00e7erezleri ve web i\u015faret\u00e7ilerini kullanabilir. Reklam ortaklar\u0131m\u0131z a\u015fa\u011f\u0131da listelenmi\u015ftir. Her reklam orta\u011f\u0131n\u0131n kullan\u0131c\u0131 verilerine ili\u015fkin politikalar\u0131 i\u00e7in kendi Gizlilik Politikas\u0131 vard\u0131r:<\/p>\n\n\n\n<ul class=\"wp-block-list\">\n<li><strong>Google AdSense:<\/strong> <a href=\"https:\/\/policies.google.com\/privacy\" target=\"_blank\" rel=\"noreferrer noopener\">https:\/\/policies.google.com\/privacy<\/a><\/li>\n<\/ul>\n\n\n\n<h3 class=\"wp-block-heading\">5. \u00dc\u00e7\u00fcnc\u00fc Taraf Gizlilik Politikalar\u0131<\/h3>\n\n\n\n<p><strong>Buf Ajans<\/strong>&#8216;\u0131n Gizlilik Politikas\u0131 di\u011fer reklam verenler veya web siteleri i\u00e7in ge\u00e7erli de\u011fildir. Bu nedenle, daha ayr\u0131nt\u0131l\u0131 bilgi i\u00e7in bu \u00fc\u00e7\u00fcnc\u00fc taraf reklam sunucular\u0131n\u0131n ilgili Gizlilik Politikalar\u0131na ba\u015fvurman\u0131z\u0131 tavsiye ederiz.<\/p>\n\n\n\n<h3 class=\"wp-block-heading\">6. \u00c7ocuklar\u0131n Bilgileri<\/h3>\n\n\n\n<p>\u00d6nceliklerimizin bir di\u011fer par\u00e7as\u0131 da interneti kullan\u0131rken \u00e7ocuklar i\u00e7in koruma sa\u011flamakt\u0131r. Ebeveynleri ve vasileri \u00e7evrimi\u00e7i faaliyetlerini g\u00f6zlemlemeye, kat\u0131lmaya ve\/veya izlemeye ve rehberlik etmeye te\u015fvik ediyoruz. <strong>Buf Ajans<\/strong>, 13 ya\u015f\u0131n alt\u0131ndaki \u00e7ocuklardan bilerek herhangi bir Ki\u015fisel Tan\u0131mlanabilir Bilgi toplamaz.<\/p>\n\n\n\n<h3 class=\"wp-block-heading\">7. Onay<\/h3>\n\n\n\n<p>Web sitemizi kullanarak, Gizlilik Politikam\u0131z\u0131 kabul etmi\u015f ve \u015fartlar\u0131n\u0131 onaylam\u0131\u015f say\u0131l\u0131rs\u0131n\u0131z.<\/p>\n\n\n\n<hr class=\"wp-block-separator has-alpha-channel-opacity\"\/>\n\n\n\n<p><\/p>\n","protected":false},"excerpt":{"rendered":"<p>Gizlilik Politikas\u0131 Buf Ajans olarak, ziyaret\u00e7ilerimizin gizlili\u011fine b\u00fcy\u00fck \u00f6nem veriyoruz. Bu gizlilik politikas\u0131 belgesi, taraf\u0131m\u0131zca toplanan ve kaydedilen bilgi t\u00fcrlerini ve bunlar\u0131 nas\u0131l kulland\u0131\u011f\u0131m\u0131z\u0131 i\u00e7erir. 1. G\u00fcnl\u00fck Dosyalar\u0131 (Log Files) Buf Ajans, g\u00fcnl\u00fck dosyalar\u0131n\u0131 kullanma konusunda standart bir prosed\u00fcr izler. Bu dosyalar ziyaret\u00e7iler web sitelerini ziyaret etti\u011finde onlar\u0131 g\u00fcnl\u00fc\u011fe kaydeder. Toplanan bilgiler aras\u0131nda internet protokol\u00fc [&hellip;]<\/p>\n","protected":false},"author":1,"featured_media":0,"parent":0,"menu_order":0,"comment_status":"closed","ping_status":"closed","template":"","meta":{"footnotes":""},"class_list":["post-60","page","type-page","status-publish","hentry"],"_links":{"self":[{"href":"https:\/\/bufajans.com.tr\/index.php\/wp-json\/wp\/v2\/pages\/60","targetHints":{"allow":["GET"]}}],"collection":[{"href":"https:\/\/bufajans.com.tr\/index.php\/wp-json\/wp\/v2\/pages"}],"about":[{"href":"https:\/\/bufajans.com.tr\/index.php\/wp-json\/wp\/v2\/types\/page"}],"author":[{"embeddable":true,"href":"https:\/\/bufajans.com.tr\/index.php\/wp-json\/wp\/v2\/users\/1"}],"replies":[{"embeddable":true,"href":"https:\/\/bufajans.com.tr\/index.php\/wp-json\/wp\/v2\/comments?post=60"}],"version-history":[{"count":1,"href":"https:\/\/bufajans.com.tr\/index.php\/wp-json\/wp\/v2\/pages\/60\/revisions"}],"predecessor-version":[{"id":61,"href":"https:\/\/bufajans.com.tr\/index.php\/wp-json\/wp\/v2\/pages\/60\/revisions\/61"}],"wp:attachment":[{"href":"https:\/\/bufajans.com.tr\/index.php\/wp-json\/wp\/v2\/media?parent=60"}],"curies":[{"name":"wp","href":"https:\/\/api.w.org\/{rel}","templated":true}]}}